{"id":52,"date":"2013-11-14T12:14:52","date_gmt":"2013-11-14T11:14:52","guid":{"rendered":"http:\/\/trafika.poznan.pl\/klub\/?page_id=52"},"modified":"2014-10-02T10:54:49","modified_gmt":"2014-10-02T08:54:49","slug":"fajka-klubowa","status":"publish","type":"page","link":"http:\/\/trafika.poznan.pl\/klub\/about\/fajka-klubowa\/","title":{"rendered":"Fajka Klubowa"},"content":{"rendered":"<p>Nadszed\u0142 w ko\u0144cu ten moment, w kt\u00f3rym mo\u017cemy si\u0119 pochwali\u0107 nasz\u0105 klubow\u0105 fajk\u0105.<\/p>\n<p><a href=\"http:\/\/trafika.poznan.pl\/klub\/wp-content\/uploads\/2013\/11\/DSC04899.jpg\" rel=\"lightbox[52]\"><img decoding=\"async\" loading=\"lazy\" class=\"alignnone  wp-image-553\" src=\"http:\/\/trafika.poznan.pl\/klub\/wp-content\/uploads\/2013\/11\/DSC04899-1024x768.jpg\" alt=\"DSC04899\" width=\"495\" height=\"371\" data-id=\"553\" srcset=\"http:\/\/trafika.poznan.pl\/klub\/wp-content\/uploads\/2013\/11\/DSC04899-1024x768.jpg 1024w, http:\/\/trafika.poznan.pl\/klub\/wp-content\/uploads\/2013\/11\/DSC04899-300x225.jpg 300w, http:\/\/trafika.poznan.pl\/klub\/wp-content\/uploads\/2013\/11\/DSC04899-680x510.jpg 680w, http:\/\/trafika.poznan.pl\/klub\/wp-content\/uploads\/2013\/11\/DSC04899-990x742.jpg 990w\" sizes=\"(max-width: 495px) 100vw, 495px\" \/><\/a><\/p>\n<p><a href=\"http:\/\/trafika.poznan.pl\/klub\/wp-content\/uploads\/2013\/11\/DSC04902.jpg\" rel=\"lightbox[52]\"><img decoding=\"async\" loading=\"lazy\" class=\"alignnone size-thumbnail wp-image-554\" src=\"http:\/\/trafika.poznan.pl\/klub\/wp-content\/uploads\/2013\/11\/DSC04902-150x150.jpg\" alt=\"DSC04902\" width=\"150\" height=\"150\" data-id=\"554\" srcset=\"http:\/\/trafika.poznan.pl\/klub\/wp-content\/uploads\/2013\/11\/DSC04902-150x150.jpg 150w, http:\/\/trafika.poznan.pl\/klub\/wp-content\/uploads\/2013\/11\/DSC04902-290x290.jpg 290w\" sizes=\"(max-width: 150px) 100vw, 150px\" \/><\/a> <a href=\"http:\/\/trafika.poznan.pl\/klub\/wp-content\/uploads\/2013\/11\/DSC04904.jpg\" rel=\"lightbox[52]\"><img decoding=\"async\" loading=\"lazy\" class=\"alignnone size-thumbnail wp-image-555\" src=\"http:\/\/trafika.poznan.pl\/klub\/wp-content\/uploads\/2013\/11\/DSC04904-150x150.jpg\" alt=\"DSC04904\" width=\"150\" height=\"150\" data-id=\"555\" srcset=\"http:\/\/trafika.poznan.pl\/klub\/wp-content\/uploads\/2013\/11\/DSC04904-150x150.jpg 150w, http:\/\/trafika.poznan.pl\/klub\/wp-content\/uploads\/2013\/11\/DSC04904-290x290.jpg 290w\" sizes=\"(max-width: 150px) 100vw, 150px\" \/><\/a> <a href=\"http:\/\/trafika.poznan.pl\/klub\/wp-content\/uploads\/2013\/11\/DSC04905.jpg\" rel=\"lightbox[52]\"><img decoding=\"async\" loading=\"lazy\" class=\"alignnone size-thumbnail wp-image-556\" src=\"http:\/\/trafika.poznan.pl\/klub\/wp-content\/uploads\/2013\/11\/DSC04905-150x150.jpg\" alt=\"DSC04905\" width=\"150\" height=\"150\" data-id=\"556\" srcset=\"http:\/\/trafika.poznan.pl\/klub\/wp-content\/uploads\/2013\/11\/DSC04905-150x150.jpg 150w, http:\/\/trafika.poznan.pl\/klub\/wp-content\/uploads\/2013\/11\/DSC04905-290x290.jpg 290w\" sizes=\"(max-width: 150px) 100vw, 150px\" \/><\/a><\/p>\n<p>&nbsp;<\/p>\n<p>Pozdrawiamy!<\/p>\n","protected":false},"excerpt":{"rendered":"<p>Nadszed\u0142 w ko\u0144cu ten moment, w kt\u00f3rym mo\u017cemy si\u0119 pochwali\u0107 nasz\u0105 klubow\u0105 fajk\u0105. &nbsp; Pozdrawiamy!<\/p>\n","protected":false},"author":2,"featured_media":0,"parent":16,"menu_order":0,"comment_status":"closed","ping_status":"open","template":"","meta":{"_mi_skip_tracking":false,"_monsterinsights_sitenote_active":false,"_monsterinsights_sitenote_note":"","_monsterinsights_sitenote_category":0},"_links":{"self":[{"href":"http:\/\/trafika.poznan.pl\/klub\/wp-json\/wp\/v2\/pages\/52"}],"collection":[{"href":"http:\/\/trafika.poznan.pl\/klub\/wp-json\/wp\/v2\/pages"}],"about":[{"href":"http:\/\/trafika.poznan.pl\/klub\/wp-json\/wp\/v2\/types\/page"}],"author":[{"embeddable":true,"href":"http:\/\/trafika.poznan.pl\/klub\/wp-json\/wp\/v2\/users\/2"}],"replies":[{"embeddable":true,"href":"http:\/\/trafika.poznan.pl\/klub\/wp-json\/wp\/v2\/comments?post=52"}],"version-history":[{"count":5,"href":"http:\/\/trafika.poznan.pl\/klub\/wp-json\/wp\/v2\/pages\/52\/revisions"}],"predecessor-version":[{"id":559,"href":"http:\/\/trafika.poznan.pl\/klub\/wp-json\/wp\/v2\/pages\/52\/revisions\/559"}],"up":[{"embeddable":true,"href":"http:\/\/trafika.poznan.pl\/klub\/wp-json\/wp\/v2\/pages\/16"}],"wp:attachment":[{"href":"http:\/\/trafika.poznan.pl\/klub\/wp-json\/wp\/v2\/media?parent=52"}],"curies":[{"name":"wp","href":"https:\/\/api.w.org\/{rel}","templated":true}]}}