{"id":37,"date":"2013-10-21T21:05:51","date_gmt":"2013-10-21T19:05:51","guid":{"rendered":"http:\/\/trafika.poznan.pl\/klub\/?page_id=37"},"modified":"2013-11-19T13:21:59","modified_gmt":"2013-11-19T12:21:59","slug":"statut-klubu","status":"publish","type":"page","link":"http:\/\/trafika.poznan.pl\/klub\/about\/statut-klubu\/","title":{"rendered":"Statut Klubu"},"content":{"rendered":"<ol>\n<li><strong>Postanowienia og\u00f3lne.<\/strong>\n<ul>\n<li>Klub Fajkowo Cygarowy Trafika Pozna\u0144, zwany dalej Klubem, zrzesza mi\u0142o\u015bnik\u00f3w i sympatyk\u00f3w fajki i cygara oraz osoby, kt\u00f3re swoim dzia\u0142aniem propaguj\u0105 kultur\u0119 palenia zar\u00f3wno fajki, jak i cygar, odmienn\u0105 od palenia innych u\u017cywek.<\/li>\n<li>Klub dzia\u0142a na terytorium Polski, a w szczeg\u00f3lno\u015bci miasta Pozna\u0144.<\/li>\n<li>Oficjalnym znakiem Klubu jest logo Klubu, okre\u015blone w za\u0142\u0105czniku do niniejszego Statutu.<\/li>\n<li>Klub mo\u017ce by\u0107 cz\u0142onkiem organizacji o podobnych celach i za\u0142o\u017ceniach.<\/li>\n<\/ul>\n<\/li>\n<li><strong>Cele dzia\u0142ania Klubu Fajkowo Cygarowego Trafika Pozna\u0144.<\/strong>\n<ul>\n<li>Celami dzia\u0142ania Klubu s\u0105:\n<ul>\n<li>Wspieranie i rozwijanie kontakt\u00f3w mi\u0119dzy fajczarzami,<\/li>\n<li>Propagowanie wiedzy fajczarskiej i cygarowej,<\/li>\n<li>Propagowanie fajki i cygara jako stylu \u017cycia,<\/li>\n<li>Propagowanie kolekcjonowania fajek i innych z fajk\u0105 zwi\u0105zanych przedmiot\u00f3w oraz cygar,<\/li>\n<li>Wsp\u00f3\u0142praca z klubami i organizacjami fajczarskimi w Polsce na ca\u0142ym \u015bwiecie.<\/li>\n<\/ul>\n<\/li>\n<\/ul>\n<\/li>\n<li><strong>Spotkania Klubu Fajkowo Cygarowego Trafika Pozna\u0144.<\/strong>\n<ul>\n<li>Spotkania Klubu s\u0105 organizowane co najmniej raz w miesi\u0105cu.<\/li>\n<li>Miejsce i termin kolejnych spotka\u0144 ustalane s\u0105 na spotkaniu poprzedzaj\u0105cym po konsultacji ustnej lub e-mail przez minimum 2 cz\u0142onk\u00f3w Zarz\u0105du Klubu.<\/li>\n<li>W szczeg\u00f3lnych przypadkach, czas lub miejsce spotka\u0144 mog\u0105 by\u0107 zmienione przez Prezydenta Klubu.<\/li>\n<li>Za siedzib\u0119 g\u0142\u00f3wn\u0105 uznaje si\u0119 lokal Trafika Pozna\u0144, ul. Sczanieckiej 9\/2.<\/li>\n<\/ul>\n<\/li>\n<li><strong>Cz\u0142onkowie Klubu Fajkowo Cygarowego Trafika Pozna\u0144.<\/strong>\n<ul>\n<li>Cz\u0142onkami Klubu mog\u0105 by\u0107 jedynie osoby pe\u0142noletnie.<\/li>\n<li>Cz\u0142onkami Klubu s\u0105:<\/li>\n<li>Cz\u0142onkowie za\u0142o\u017cyciele podpisuj\u0105cy niniejszy statut, kt\u00f3rzy wraz z zarejestrowaniem Klubu staj\u0105 si\u0119 jego cz\u0142onkami zwyczajnymi.<\/li>\n<li>Cz\u0142onkowie zwyczajni osoby akceptuj\u0105ce cele i statut Klubu, kt\u00f3re z\u0142o\u017c\u0105 pisemn\u0105 deklaracj\u0119 cz\u0142onkowsk\u0105 i zostan\u0105 przyj\u0119ci, z zastrze\u017ceniem pkt. 4.2.3, przez Prezydenta Klubu.<\/li>\n<li>Cz\u0142onkowie kandydaci osoby, kt\u00f3re wyra\u017c\u0105 ch\u0119\u0107 wst\u0105pienia do Klubu.<\/li>\n<li>Cz\u0142onek kandydat mo\u017ce zosta\u0107 cz\u0142onkiem zwyczajnym po uczestnictwie w co najmniej 2 spotkaniach klubowych oraz przy pozytywnej opinii co najmniej 2 cz\u0142onk\u00f3w zwyczajnych.<\/li>\n<li>Cz\u0142onkowie honorowi nie b\u0119d\u0105cy cz\u0142onkami zwyczajnymi, nabywaj\u0105cy cz\u0142onkostwo za wniesienie specjalnych zas\u0142ug w rozw\u00f3j kulturalnego palenia fajki lub cygara.<\/li>\n<li>Cz\u0142onek zwyczajny mo\u017ce zosta\u0107 cz\u0142onkiem honorowym za specjalne zas\u0142ugi na rzecz Klubu.<\/li>\n<li>Decyzj\u0119 o nadaniu cz\u0142onkostwa honorowego podejmuje, na wniosek Zarz\u0105du, Prezydent Klubu.<\/li>\n<li>Cz\u0142onkowie wykluczani s\u0105 z Klubu przez Prezydenta za z\u0142amanie postanowie\u0144 statutu.<\/li>\n<li>Wyst\u0105pienie z Klubu mo\u017cliwe jest na pisemn\u0105 pro\u015bb\u0119 cz\u0142onka.<\/li>\n<li>Przynale\u017cno\u015b\u0107 do Klubu nie stoi na przeszkodzie cz\u0142onkostwu w innych organizacjach i stowarzyszeniach.<\/li>\n<\/ul>\n<\/li>\n<li><strong>Prawa i obowi\u0105zki cz\u0142onka Klubu Fajkowo Cygarowego Trafika Pozna\u0144.<\/strong>\n<ul>\n<li>Wszyscy cz\u0142onkowie Klubu maj\u0105 prawo:\n<ul>\n<li>Pos\u0142ugiwa\u0107 si\u0119 do cel\u00f3w niekomercyjnych i nie koliduj\u0105cych ze statutem, znakiem i nazw\u0105 Klubu.<\/li>\n<li>Reprezentowa\u0107 Klub podczas zawod\u00f3w i innych wydarze\u0144 fajczarskich.<\/li>\n<li>Bra\u0107 udzia\u0142 w spotkaniach i imprezach organizowanych przez Klub.<\/li>\n<li>Korzysta\u0107 z pomocy Klubu w ramach okre\u015blonych w statucie.<\/li>\n<\/ul>\n<\/li>\n<li>Cz\u0142onkowie zwyczajni maj\u0105 prawo:\n<ul>\n<li>W granicach i w spos\u00f3b okre\u015blony statutem, wybiera\u0107 i by\u0107 wybieranym do w\u0142adz klubu.<\/li>\n<li>Dokonywa\u0107 oceny dzia\u0142alno\u015bci Klubu i jego w\u0142adz.<\/li>\n<li>Wnioskowa\u0107 do w\u0142adz Klubu w sprawach przewidzianych statutem i zwi\u0105zanych z dzia\u0142alno\u015bci\u0105 Klubu.<\/li>\n<li>Korzysta\u0107, w miar\u0119 mo\u017cliwo\u015bci finansowych Klubu, z zakup\u00f3w fajek i akcesori\u00f3w klubowych na preferencyjnych warunkach.<\/li>\n<li>Odwo\u0142ywa\u0107 si\u0119 od decyzji Zarz\u0105du Klubu do Prezydenta.<\/li>\n<\/ul>\n<\/li>\n<li>Ka\u017cdy cz\u0142onek Klubu ma obowi\u0105zek:\n<ul>\n<li>Przestrzega\u0107 postanowie\u0144 statutu i w\u0142adz Klubu.<\/li>\n<li>Troszczy\u0107 si\u0119 o rozw\u00f3j Klubu i jego dobro.<\/li>\n<li>Propagowa\u0107 fajczarstwo w swoim otoczeniu.<\/li>\n<li>Godnie reprezentowa\u0107 Klub na zewn\u0105trz.<\/li>\n<li>Bra\u0107 udzia\u0142, w miar\u0119 mo\u017cliwo\u015bci, w spotkaniach Klubu.<\/li>\n<li>Pomaga\u0107 Zarz\u0105dowi Klubu w osi\u0105ganiu wyznaczonych cel\u00f3w.<\/li>\n<\/ul>\n<\/li>\n<\/ul>\n<\/li>\n<li><strong>W\u0142adze Klubu Fajkowo Cygarowego Trafika Pozna\u0144.<\/strong>\n<ul>\n<li>W\u0142adze Klubu stanowi\u0105:\n<ul>\n<li>Prezydent Klubu.<\/li>\n<li>Zarz\u0105d Klubu.<\/li>\n<\/ul>\n<\/li>\n<li>Do obowi\u0105zk\u00f3w Prezydenta Klubu nale\u017c\u0105:\n<ul>\n<li>Reprezentowanie Klubu na forum Rady Polskich Klub\u00f3w Fajki oraz innych organizacji fajczarskich.<\/li>\n<li>Decydowanie o przyj\u0119ciu nowych cz\u0142onk\u00f3w zwyczajnych do Klubu.<\/li>\n<li>Decydowanie o wykluczeniu b\u0105d\u017a skre\u015bleniu z listy cz\u0142onk\u00f3w Klub.<\/li>\n<li>Rozpatrywanie odwo\u0142a\u0144 od decyzji cz\u0142onk\u00f3w Zarz\u0105du Klubu.<\/li>\n<\/ul>\n<\/li>\n<li>W przypadku wyst\u0105pienia okoliczno\u015bci uniemo\u017cliwiaj\u0105cych Prezydentowi wype\u0142nianie okre\u015blonych w statucie zada\u0144 ma on prawo wskazania w\u015br\u00f3d cz\u0142onk\u00f3w Zarz\u0105du Klubu os\u00f3b, kt\u00f3re zast\u0105pi\u0105 go w ich realizacji.<\/li>\n<li>Zarz\u0105d Klubu wybierany jest zwyk\u0142\u0105 wi\u0119kszo\u015bci\u0105 g\u0142os\u00f3w w wyborach odbywaj\u0105cych si\u0119 raz w roku w g\u0142osowaniu jawnym i sk\u0142ada si\u0119 z:\n<ul>\n<li>Prezydenta Klubu.<\/li>\n<li>Wiceprezydenta Klubu -pe\u0142ni\u0105cy funkcj\u0119 skarbnika.<\/li>\n<li>Wiceprezydenta Klubu &#8211; pe\u0142ni\u0105cy funkcj\u0119 sekretarza.<\/li>\n<li>Funkcje w Zarz\u0105dzie (poza funkcj\u0105 Prezydenta) mo\u017cna \u0142\u0105czy\u0107, jednak\u017ce poza Prezydentem musi on liczy\u0107 co najmniej dwie osoby.<\/li>\n<li>W wyborach do Zarz\u0105du Klubu bierze udzia\u0142 co najmniej 2\/3 cz\u0142onk\u00f3w Klubu uprawnionych do g\u0142osowania.<\/li>\n<\/ul>\n<\/li>\n<li>Do obowi\u0105zk\u00f3w cz\u0142onk\u00f3w Zarz\u0105du Klubu nale\u017cy:\n<ul>\n<li>Pomoc Prezydentowi Klubu w realizacji jego zada\u0144.<\/li>\n<li>Pomoc cz\u0142onkom Klubu w zakresie okre\u015blonym przez cele dzia\u0142alno\u015bci Klubu.<\/li>\n<li>Organizacja spotka\u0144 Klubu.<\/li>\n<li>Organizacja zawod\u00f3w w wolnym paleniu fajki, b\u0105d\u017a spotka\u0144 z innymi organizacjami fajczarskimi.<\/li>\n<li>Opiniowanie zmian i uzupe\u0142nie\u0144 w Statucie i wnioskowanie do Prezydenta o ich przyj\u0119cie b\u0105d\u017a odrzucenie.<\/li>\n<li>Wyb\u00f3r nowego Prezydenta w przypadku ust\u0105pienia dotychczasowego.<\/li>\n<li>Organizowanie wybor\u00f3w do w\u0142adz Klubu.<\/li>\n<\/ul>\n<\/li>\n<li>Wiceprezydent Klubu, pe\u0142ni\u0105cy funkcj\u0119 sekretarza, prowadzi kronik\u0119 Klubu, w kt\u00f3rej zapisuje przebieg spotka\u0144, zebra\u0144 Zarz\u0105du Klubu oraz prowadzi korespondencj\u0119 Klubu.<\/li>\n<li>Zarz\u0105d Klubu lub cz\u0142onek Zarz\u0105du Klubu, po zako\u0144czonej kadencji lub z\u0142o\u017conej rezygnacji zobowi\u0105zany jest w ci\u0105gu 14 dni przekaza\u0107 ca\u0142o\u015b\u0107 stworzonych i zgromadzonych dokument\u00f3w nowemu Zarz\u0105dowi lub swojemu nast\u0119pcy wybranemu zgodnie ze statutem.<\/li>\n<\/ul>\n<\/li>\n<li><strong>Zmiany w statucie.<\/strong>\n<ul>\n<li>Zmiany i uzupe\u0142nienia statutu mog\u0105 by\u0107 dokonywane w razie potrzeby poprzez g\u0142osowanie.<\/li>\n<li>Dla przyj\u0119cia zmiany w Statucie potrzeba decyzji 2\/3 cz\u0142onk\u00f3w Klubu uprawnionych do g\u0142osowania.<\/li>\n<li>W przypadku wyst\u0105pienia niedostatecznej frekwencji, zarz\u0105d og\u0142asza powt\u00f3rne g\u0142osowanie, w kt\u00f3rym dla przyj\u0119cia zmian wystarcza zwyk\u0142a wi\u0119kszo\u015b\u0107 g\u0142os\u00f3w.<\/li>\n<\/ul>\n<\/li>\n<li><strong>Postanowienia ko\u0144cowe.<\/strong>\n<ul>\n<li>W sprawach nieuregulowanych statutem maj\u0105 zastosowanie postanowienia Kodeksu Cywilnego.<\/li>\n<li>Statut obowi\u0105zuje od chwili podpisania przez cz\u0142onk\u00f3w za\u0142o\u017cycieli.<\/li>\n<\/ul>\n<\/li>\n<\/ol>\n<p>Pozna\u0144, dn. 21.10.2013.<\/p>\n","protected":false},"excerpt":{"rendered":"<p>Postanowienia og\u00f3lne. Klub Fajkowo Cygarowy Trafika Pozna\u0144, zwany dalej Klubem, zrzesza mi\u0142o\u015bnik\u00f3w i sympatyk\u00f3w fajki i cygara oraz osoby, kt\u00f3re swoim dzia\u0142aniem propaguj\u0105 kultur\u0119 palenia zar\u00f3wno fajki, jak i cygar, odmienn\u0105 od palenia innych u\u017cywek. Klub dzia\u0142a na terytorium Polski, a w szczeg\u00f3lno\u015bci miasta Pozna\u0144. Oficjalnym znakiem Klubu jest logo Klubu, okre\u015blone w za\u0142\u0105czniku do [&hellip;]<\/p>\n","protected":false},"author":2,"featured_media":0,"parent":16,"menu_order":0,"comment_status":"closed","ping_status":"open","template":"","meta":{"_mi_skip_tracking":false,"_monsterinsights_sitenote_active":false,"_monsterinsights_sitenote_note":"","_monsterinsights_sitenote_category":0},"_links":{"self":[{"href":"http:\/\/trafika.poznan.pl\/klub\/wp-json\/wp\/v2\/pages\/37"}],"collection":[{"href":"http:\/\/trafika.poznan.pl\/klub\/wp-json\/wp\/v2\/pages"}],"about":[{"href":"http:\/\/trafika.poznan.pl\/klub\/wp-json\/wp\/v2\/types\/page"}],"author":[{"embeddable":true,"href":"http:\/\/trafika.poznan.pl\/klub\/wp-json\/wp\/v2\/users\/2"}],"replies":[{"embeddable":true,"href":"http:\/\/trafika.poznan.pl\/klub\/wp-json\/wp\/v2\/comments?post=37"}],"version-history":[{"count":4,"href":"http:\/\/trafika.poznan.pl\/klub\/wp-json\/wp\/v2\/pages\/37\/revisions"}],"predecessor-version":[{"id":134,"href":"http:\/\/trafika.poznan.pl\/klub\/wp-json\/wp\/v2\/pages\/37\/revisions\/134"}],"up":[{"embeddable":true,"href":"http:\/\/trafika.poznan.pl\/klub\/wp-json\/wp\/v2\/pages\/16"}],"wp:attachment":[{"href":"http:\/\/trafika.poznan.pl\/klub\/wp-json\/wp\/v2\/media?parent=37"}],"curies":[{"name":"wp","href":"https:\/\/api.w.org\/{rel}","templated":true}]}}