{"id":31,"date":"2013-11-14T11:54:09","date_gmt":"2013-11-14T10:54:09","guid":{"rendered":"http:\/\/trafika.poznan.pl\/klub\/?page_id=31"},"modified":"2018-08-01T15:20:03","modified_gmt":"2018-08-01T13:20:03","slug":"kontakt","status":"publish","type":"page","link":"http:\/\/trafika.poznan.pl\/klub\/kontakt\/","title":{"rendered":"Kontakt z Klubem"},"content":{"rendered":"<div style=\"position:relative;\"><a class=\"wpf_ref\" href=\"http:\/\/www.wpfruits.com\/?fwgm_refs=trafika.poznan.pl\" target=\"_blank\">WPF<\/a><a class=\"gfullmap-thumbnail-map\" href=\"javascript:void(0);\" data-href=\"#dialog-lightgmap-gfullmap_options\" title=\"Click to open larger map\"><img class=\"click_it\" class-value=\"createPopup-gfullmap_options\" style=\"background: none repeat scroll 0 0 #F3F3F3;border: 1px solid #CCCCCC; padding: 5px;\" title=\"Click to open larger map\" alt=\"Click to open larger map\" src=\"http:\/\/trafika.poznan.pl\/klub\/wp-content\/uploads\/2018\/08\/KFC_map.jpg\" width =680x height = 120><\/a><\/div><div class=\"gmbdm-dialog\"  data-map-height=\"680\" gmaptype=\"m\" data-map-width=\"800\" data-map-skin=\"black-square\" data-map-iframe-url=\"http:\/\/maps.google.com\/maps?hl=en&amp;ie=utf8&amp;output=embed&amp;iwloc=addr&amp;iwd=1&amp;mrt=loc&amp;t=m&amp;q=Sczanieckiej+9%2F2%2C+Poznan%2C+Poland&amp;z=15\" id=\"dialog-lightgmap-gfullmap_options\" title=\"Google Map\"><div class=\"createPopup gmbdm-map createPopup-gfullmap_options\" style=\"overflow: auto;\"><div class=\"innerdiv\" style=\"border:10px solid #000000; z-index:999999999;position:relative; margin:auto; display:block; height:680px; width:800px;\"><div class=\"cf-close\"><\/div><iframe  height=680px width=800px src=\"http:\/\/maps.google.com\/maps?hl=en&amp;ie=utf8&amp;output=embed&amp;iwloc=addr&amp;iwd=1&amp;mrt=loc&amp;t=m&amp;q=Sczanieckiej+9%2F2%2C+Poznan%2C+Poland&amp;z=15\"><\/iframe><\/div><\/div><\/div>\n<p>Klub Fajkowo Cygarowy Trafika Pozna\u0144<br \/>\nul. Sczanieckiej 9\/2<br \/>\nPozna\u0144<\/p>\n<p><img decoding=\"async\" alt=\"fb\" src=\"\/images\/klub_mail.png\" \/><img decoding=\"async\" alt=\"fb\" src=\"\/images\/klub_facebook.png\" \/><br \/>\nNapisz do nas: <a href=\"mailto:klub@trafika.poznan.pl\">klub@trafika.poznan.pl<\/a><br \/>\nFacebook: <a title=\"Klub Fajkowo Cygarowy Trafika Pozna\u0144\" href=\"http:\/\/facebook.com\/KlubFajkowoCygarowy\" target=\"_blank\">fb.com\/KlubFajkowoCygarowy<\/a><\/p>\n<p>Je\u015bli wolisz, skorzystaj z formularza:<br \/>\n\n<div class=\"wpcf7 no-js\" id=\"wpcf7-f77-o1\" lang=\"pl-PL\" dir=\"ltr\">\n<div class=\"screen-reader-response\"><p role=\"status\" aria-live=\"polite\" aria-atomic=\"true\"><\/p> <ul><\/ul><\/div>\n<form action=\"\/klub\/wp-json\/wp\/v2\/pages\/31#wpcf7-f77-o1\" method=\"post\" class=\"wpcf7-form init\" aria-label=\"Formularz kontaktowy\" novalidate=\"novalidate\" data-status=\"init\">\n<div style=\"display: none;\">\n<input type=\"hidden\" name=\"_wpcf7\" value=\"77\" \/>\n<input type=\"hidden\" name=\"_wpcf7_version\" value=\"5.7.7\" \/>\n<input type=\"hidden\" name=\"_wpcf7_locale\" value=\"pl_PL\" \/>\n<input type=\"hidden\" name=\"_wpcf7_unit_tag\" value=\"wpcf7-f77-o1\" \/>\n<input type=\"hidden\" name=\"_wpcf7_container_post\" value=\"0\" \/>\n<input type=\"hidden\" name=\"_wpcf7_posted_data_hash\" value=\"\" \/>\n<\/div>\n<p>Imi\u0119 i nazwisko (wymagane)\n<\/p>\n<p><span class=\"wpcf7-form-control-wrap\" data-name=\"your-name\"><input size=\"40\" class=\"wpcf7-form-control wpcf7-text wpcf7-validates-as-required\" aria-required=\"true\" aria-invalid=\"false\" value=\"\" type=\"text\" name=\"your-name\" \/><\/span>\n<\/p>\n<p>Adres email (wymagane)\n<\/p>\n<p><span class=\"wpcf7-form-control-wrap\" data-name=\"your-email\"><input size=\"40\" class=\"wpcf7-form-control wpcf7-text wpcf7-email wpcf7-validates-as-required wpcf7-validates-as-email\" aria-required=\"true\" aria-invalid=\"false\" value=\"\" type=\"email\" name=\"your-email\" \/><\/span>\n<\/p>\n<p>Temat\n<\/p>\n<p><span class=\"wpcf7-form-control-wrap\" data-name=\"your-subject\"><input size=\"40\" class=\"wpcf7-form-control wpcf7-text\" aria-invalid=\"false\" value=\"\" type=\"text\" name=\"your-subject\" \/><\/span>\n<\/p>\n<p>Tre\u015b\u0107 wiadomo\u015bci\n<\/p>\n<p><span class=\"wpcf7-form-control-wrap\" data-name=\"your-message\"><textarea cols=\"40\" rows=\"10\" class=\"wpcf7-form-control wpcf7-textarea\" aria-invalid=\"false\" name=\"your-message\"><\/textarea><\/span>\n<\/p>\n<p><input class=\"wpcf7-form-control has-spinner wpcf7-submit\" type=\"submit\" value=\"Wy\u015blij\" \/>\n<\/p><p style=\"display: none !important;\"><label>&#916;<textarea name=\"_wpcf7_ak_hp_textarea\" cols=\"45\" rows=\"8\" maxlength=\"100\"><\/textarea><\/label><input type=\"hidden\" id=\"ak_js_1\" name=\"_wpcf7_ak_js\" value=\"185\"\/><script>document.getElementById( \"ak_js_1\" ).setAttribute( \"value\", ( new Date() ).getTime() );<\/script><\/p><div class=\"wpcf7-response-output\" aria-hidden=\"true\"><\/div>\n<\/form>\n<\/div>\n<\/p>\n","protected":false},"excerpt":{"rendered":"<p>Klub Fajkowo Cygarowy Trafika Pozna\u0144 ul. Sczanieckiej 9\/2 Pozna\u0144 Napisz do nas: klub@trafika.poznan.pl Facebook: fb.com\/KlubFajkowoCygarowy Je\u015bli wolisz, skorzystaj z formularza:<\/p>\n","protected":false},"author":2,"featured_media":0,"parent":0,"menu_order":0,"comment_status":"closed","ping_status":"open","template":"","meta":{"_mi_skip_tracking":false,"_monsterinsights_sitenote_active":false,"_monsterinsights_sitenote_note":"","_monsterinsights_sitenote_category":0},"_links":{"self":[{"href":"http:\/\/trafika.poznan.pl\/klub\/wp-json\/wp\/v2\/pages\/31"}],"collection":[{"href":"http:\/\/trafika.poznan.pl\/klub\/wp-json\/wp\/v2\/pages"}],"about":[{"href":"http:\/\/trafika.poznan.pl\/klub\/wp-json\/wp\/v2\/types\/page"}],"author":[{"embeddable":true,"href":"http:\/\/trafika.poznan.pl\/klub\/wp-json\/wp\/v2\/users\/2"}],"replies":[{"embeddable":true,"href":"http:\/\/trafika.poznan.pl\/klub\/wp-json\/wp\/v2\/comments?post=31"}],"version-history":[{"count":31,"href":"http:\/\/trafika.poznan.pl\/klub\/wp-json\/wp\/v2\/pages\/31\/revisions"}],"predecessor-version":[{"id":624,"href":"http:\/\/trafika.poznan.pl\/klub\/wp-json\/wp\/v2\/pages\/31\/revisions\/624"}],"wp:attachment":[{"href":"http:\/\/trafika.poznan.pl\/klub\/wp-json\/wp\/v2\/media?parent=31"}],"curies":[{"name":"wp","href":"https:\/\/api.w.org\/{rel}","templated":true}]}}